{"id":896,"date":"2017-01-29T13:52:23","date_gmt":"2017-01-29T11:52:23","guid":{"rendered":"http:\/\/www.reli-revi64.fr\/?page_id=896"},"modified":"2023-08-20T20:42:47","modified_gmt":"2023-08-20T18:42:47","slug":"la-danse-modern-jazz","status":"publish","type":"page","link":"http:\/\/www.reli-revi64.fr\/?page_id=896","title":{"rendered":"-Danse Modern et tout style"},"content":{"rendered":"<p><span style=\"color: #0000ff;\">L<\/span><span style=\"color: #0000ff;\"><strong>a pratique du modern jazz<\/strong> apporte une pr\u00e9cision technique autre que celle de la danse classique mais \u00e0 cela s\u2019ajoute des \u00e9nergies et des appuis diff\u00e9rents, un travail au sol sp\u00e9cifique, un apprentissage de la musicalit\u00e9 et un m\u00e9tissage culturel et musical.<br \/>\nEn ajoutant toutes les autres formes de danses, \u00c9meline vous entra\u00eenera \u00e0 la d\u00e9couverte du monde de la danse et de ses richesses !<br \/>\n<\/span><\/p>\n<p><span style=\"color: #0000ff;\"><strong>\u00a0\u00a0\u00a0\u00a0\u00a0\u00a0\u00a0\u00a0\u00a0\u00a0\u00a0\u00a0\u00a0\u00a0\u00a0\u00a0\u00a0\u00a0\u00a0\u00a0\u00a0\u00a0\u00a0\u00a0\u00a0\u00a0\u00a0\u00a0\u00a0\u00a0\u00a0\u00a0\u00a0\u00a0\u00a0\u00a0\u00a0\u00a0\u00a0\u00a0\u00a0\u00a0\u00a0\u00a0\u00a0\u00a0\u00a0\u00a0\u00a0\u00a0\u00a0\u00a0\u00a0\u00a0\u00a0\u00a0\u00a0\u00a0\u00a0\u00a0\u00a0\u00a0\u00a0\u00a0\u00a0\u00a0\u00a0\u00a0\u00a0\u00a0\u00a0\u00a0\u00a0\u00a0\u00a0\u00a0\u00a0\u00a0\u00a0\u00a0\u00a0\u00a0\u00a0\u00a0 De 4 ans+ \u00a0\u00a0\u00a0\u00a0\u00a0\u00a0\u00a0\u00a0\u00a0\u00a0\u00a0\u00a0\u00a0\u00a0\u00a0\u00a0\u00a0\u00a0\u00a0\u00a0\u00a0\u00a0\u00a0\u00a0\u00a0\u00a0\u00a0\u00a0\u00a0\u00a0\u00a0\u00a0\u00a0\u00a0\u00a0\u00a0\u00a0\u00a0\u00a0\u00a0\u00a0\u00a0\u00a0 Mixte<\/strong><\/span><\/p>\n","protected":false},"excerpt":{"rendered":"<p>La pratique du modern jazz apporte une pr\u00e9cision technique autre que celle de la danse classique mais \u00e0 cela s\u2019ajoute des \u00e9nergies et des appuis diff\u00e9rents, un travail au sol sp\u00e9cifique, un apprentissage de la musicalit\u00e9 et un m\u00e9tissage culturel et musical. En ajoutant toutes les autres formes de danses, \u00c9meline vous entra\u00eenera \u00e0 la [&hellip;]<\/p>\n","protected":false},"author":1,"featured_media":0,"parent":0,"menu_order":0,"comment_status":"closed","ping_status":"closed","template":"","meta":[],"categories":[],"tags":[],"_links":{"self":[{"href":"http:\/\/www.reli-revi64.fr\/index.php?rest_route=\/wp\/v2\/pages\/896"}],"collection":[{"href":"http:\/\/www.reli-revi64.fr\/index.php?rest_route=\/wp\/v2\/pages"}],"about":[{"href":"http:\/\/www.reli-revi64.fr\/index.php?rest_route=\/wp\/v2\/types\/page"}],"author":[{"embeddable":true,"href":"http:\/\/www.reli-revi64.fr\/index.php?rest_route=\/wp\/v2\/users\/1"}],"replies":[{"embeddable":true,"href":"http:\/\/www.reli-revi64.fr\/index.php?rest_route=%2Fwp%2Fv2%2Fcomments&post=896"}],"version-history":[{"count":9,"href":"http:\/\/www.reli-revi64.fr\/index.php?rest_route=\/wp\/v2\/pages\/896\/revisions"}],"predecessor-version":[{"id":1913,"href":"http:\/\/www.reli-revi64.fr\/index.php?rest_route=\/wp\/v2\/pages\/896\/revisions\/1913"}],"wp:attachment":[{"href":"http:\/\/www.reli-revi64.fr\/index.php?rest_route=%2Fwp%2Fv2%2Fmedia&parent=896"}],"wp:term":[{"taxonomy":"category","embeddable":true,"href":"http:\/\/www.reli-revi64.fr\/index.php?rest_route=%2Fwp%2Fv2%2Fcategories&post=896"},{"taxonomy":"post_tag","embeddable":true,"href":"http:\/\/www.reli-revi64.fr\/index.php?rest_route=%2Fwp%2Fv2%2Ftags&post=896"}],"curies":[{"name":"wp","href":"https:\/\/api.w.org\/{rel}","templated":true}]}}