{"id":52,"date":"2014-07-16T14:24:34","date_gmt":"2014-07-16T12:24:34","guid":{"rendered":"http:\/\/www.reli-revi64.fr\/?page_id=52"},"modified":"2023-08-20T20:43:30","modified_gmt":"2023-08-20T18:43:30","slug":"hip-hop","status":"publish","type":"page","link":"http:\/\/www.reli-revi64.fr\/?page_id=52","title":{"rendered":"&#8211; Hip-Hop Break"},"content":{"rendered":"<p><span style=\"color: #000080;\">Slem<\/span><\/p>\n<p><span style=\"color: #000080;\"><span class=\"sous-titres\">Le hip-hop Break fera d\u00e9couvrir \u00e0 votre enfant<\/span> le plaisir de danser, d&rsquo;\u00e9couter de la musique et de travailler sa psychomotricit\u00e9.<\/span><\/p>\n<p><span style=\"color: #000080;\">Gar\u00e7on ou fille, enfant ou adolescent, cette danse lui permettra de gagner en assurance et en autonomie gr\u00e2ce au d\u00e9veloppement de sa lat\u00e9ralisation, de son \u00e9quilibre et de la prise de conscience de son corps.<\/span><\/p>\n<p><strong><span style=\"color: #000080;\">De 4 ans \u00e0 adultes \u00a0\u00a0\u00a0\u00a0\u00a0\u00a0\u00a0\u00a0\u00a0\u00a0\u00a0\u00a0\u00a0\u00a0\u00a0\u00a0\u00a0\u00a0\u00a0\u00a0\u00a0\u00a0\u00a0\u00a0\u00a0\u00a0\u00a0\u00a0\u00a0\u00a0\u00a0\u00a0\u00a0\u00a0\u00a0\u00a0\u00a0\u00a0\u00a0\u00a0\u00a0\u00a0\u00a0\u00a0\u00a0\u00a0\u00a0\u00a0\u00a0\u00a0\u00a0\u00a0\u00a0\u00a0\u00a0\u00a0\u00a0\u00a0\u00a0\u00a0\u00a0\u00a0\u00a0\u00a0\u00a0\u00a0\u00a0\u00a0\u00a0 Mixte<\/span><a href=\"http:\/\/www.reli-revi64.fr\/wp-content\/uploads\/2015\/07\/Instantan\u00e9-Hip-Hop-3-28-07-2015-14-03.png\"><img decoding=\"async\" loading=\"lazy\" class=\" size-medium wp-image-385 alignleft\" src=\"http:\/\/www.reli-revi64.fr\/wp-content\/uploads\/2015\/07\/Instantan\u00e9-Hip-Hop-3-28-07-2015-14-03-300x169.png\" alt=\"Instantan\u00e9 Hip Hop 3 (28-07-2015 14-03)\" width=\"300\" height=\"169\" srcset=\"http:\/\/www.reli-revi64.fr\/wp-content\/uploads\/2015\/07\/Instantan\u00e9-Hip-Hop-3-28-07-2015-14-03-300x169.png 300w, http:\/\/www.reli-revi64.fr\/wp-content\/uploads\/2015\/07\/Instantan\u00e9-Hip-Hop-3-28-07-2015-14-03.png 458w\" sizes=\"(max-width: 300px) 100vw, 300px\" \/><\/a><\/strong><\/p>\n","protected":false},"excerpt":{"rendered":"<p>Slem Le hip-hop Break fera d\u00e9couvrir \u00e0 votre enfant le plaisir de danser, d&rsquo;\u00e9couter de la musique et de travailler sa psychomotricit\u00e9. Gar\u00e7on ou fille, enfant ou adolescent, cette danse lui permettra de gagner en assurance et en autonomie gr\u00e2ce au d\u00e9veloppement de sa lat\u00e9ralisation, de son \u00e9quilibre et de la prise de conscience de [&hellip;]<\/p>\n","protected":false},"author":1,"featured_media":0,"parent":0,"menu_order":0,"comment_status":"closed","ping_status":"closed","template":"","meta":[],"categories":[5],"tags":[],"_links":{"self":[{"href":"http:\/\/www.reli-revi64.fr\/index.php?rest_route=\/wp\/v2\/pages\/52"}],"collection":[{"href":"http:\/\/www.reli-revi64.fr\/index.php?rest_route=\/wp\/v2\/pages"}],"about":[{"href":"http:\/\/www.reli-revi64.fr\/index.php?rest_route=\/wp\/v2\/types\/page"}],"author":[{"embeddable":true,"href":"http:\/\/www.reli-revi64.fr\/index.php?rest_route=\/wp\/v2\/users\/1"}],"replies":[{"embeddable":true,"href":"http:\/\/www.reli-revi64.fr\/index.php?rest_route=%2Fwp%2Fv2%2Fcomments&post=52"}],"version-history":[{"count":16,"href":"http:\/\/www.reli-revi64.fr\/index.php?rest_route=\/wp\/v2\/pages\/52\/revisions"}],"predecessor-version":[{"id":1915,"href":"http:\/\/www.reli-revi64.fr\/index.php?rest_route=\/wp\/v2\/pages\/52\/revisions\/1915"}],"wp:attachment":[{"href":"http:\/\/www.reli-revi64.fr\/index.php?rest_route=%2Fwp%2Fv2%2Fmedia&parent=52"}],"wp:term":[{"taxonomy":"category","embeddable":true,"href":"http:\/\/www.reli-revi64.fr\/index.php?rest_route=%2Fwp%2Fv2%2Fcategories&post=52"},{"taxonomy":"post_tag","embeddable":true,"href":"http:\/\/www.reli-revi64.fr\/index.php?rest_route=%2Fwp%2Fv2%2Ftags&post=52"}],"curies":[{"name":"wp","href":"https:\/\/api.w.org\/{rel}","templated":true}]}}