{"id":492,"date":"2015-08-19T20:36:50","date_gmt":"2015-08-19T18:36:50","guid":{"rendered":"http:\/\/www.reli-revi64.fr\/?page_id=492"},"modified":"2025-07-01T23:11:47","modified_gmt":"2025-07-01T21:11:47","slug":"sebastien-tassy","status":"publish","type":"page","link":"http:\/\/www.reli-revi64.fr\/?page_id=492","title":{"rendered":"-S\u00e9bastien alias Clown Picolo"},"content":{"rendered":"<p><span style=\"color: #800000;\">En 1996, S\u00e9bastien devient animateur de l&rsquo;\u00e9cole de cirque d&rsquo;Anglet puis en 1999, celui <\/span><span style=\"color: #800000;\">de l&rsquo;\u00e9cole de cirque et voltige \u00e9questre Circomania \u00e0 Latrape (31).<\/span><\/p>\n<p><span style=\"color: #993300;\">De 2005 \u00e0 2012, il se forge une bonne exp\u00e9rience en tant qu&rsquo; intermittent du spectacle.<\/span><br \/>\n<span style=\"color: #993300;\">En<\/span> <span style=\"color: #800000;\">2003,il est artiste clown jongleur dans la compagnie professionnelle de cirque actuel \u00ab\u00a0D\u00e9tracteurs et Cie \u00a0\u00bb&nbsp;&nbsp;&nbsp;&nbsp; <a style=\"color: #800000;\" href=\"http:\/\/www.reli-revi64.fr\/wp-content\/uploads\/2015\/07\/IMG_1155_WEB.jpg\"><img decoding=\"async\" loading=\"lazy\" class=\"alignnone size-medium wp-image-375\" src=\"http:\/\/www.reli-revi64.fr\/wp-content\/uploads\/2015\/07\/IMG_1155_WEB-300x200.jpg\" alt=\"IMG_1155_WEB\" width=\"300\" height=\"200\"><\/a><\/span><br \/>\n<span style=\"color: #800000;\">2004, il se forme \u00e0 la gestion et cr\u00e9e sa propre entreprise.<\/span><\/p>\n","protected":false},"excerpt":{"rendered":"<p>En 1996, S\u00e9bastien devient animateur de l&rsquo;\u00e9cole de cirque d&rsquo;Anglet puis en 1999, celui de l&rsquo;\u00e9cole de cirque et voltige \u00e9questre Circomania \u00e0 Latrape (31). De 2005 \u00e0 2012, il se forge une bonne exp\u00e9rience en tant qu&rsquo; intermittent du spectacle. En 2003,il est artiste clown jongleur dans la compagnie professionnelle de cirque actuel \u00ab\u00a0D\u00e9tracteurs [&hellip;]<\/p>\n","protected":false},"author":1,"featured_media":0,"parent":0,"menu_order":0,"comment_status":"closed","ping_status":"open","template":"","meta":[],"categories":[11],"tags":[],"_links":{"self":[{"href":"http:\/\/www.reli-revi64.fr\/index.php?rest_route=\/wp\/v2\/pages\/492"}],"collection":[{"href":"http:\/\/www.reli-revi64.fr\/index.php?rest_route=\/wp\/v2\/pages"}],"about":[{"href":"http:\/\/www.reli-revi64.fr\/index.php?rest_route=\/wp\/v2\/types\/page"}],"author":[{"embeddable":true,"href":"http:\/\/www.reli-revi64.fr\/index.php?rest_route=\/wp\/v2\/users\/1"}],"replies":[{"embeddable":true,"href":"http:\/\/www.reli-revi64.fr\/index.php?rest_route=%2Fwp%2Fv2%2Fcomments&post=492"}],"version-history":[{"count":3,"href":"http:\/\/www.reli-revi64.fr\/index.php?rest_route=\/wp\/v2\/pages\/492\/revisions"}],"predecessor-version":[{"id":1975,"href":"http:\/\/www.reli-revi64.fr\/index.php?rest_route=\/wp\/v2\/pages\/492\/revisions\/1975"}],"wp:attachment":[{"href":"http:\/\/www.reli-revi64.fr\/index.php?rest_route=%2Fwp%2Fv2%2Fmedia&parent=492"}],"wp:term":[{"taxonomy":"category","embeddable":true,"href":"http:\/\/www.reli-revi64.fr\/index.php?rest_route=%2Fwp%2Fv2%2Fcategories&post=492"},{"taxonomy":"post_tag","embeddable":true,"href":"http:\/\/www.reli-revi64.fr\/index.php?rest_route=%2Fwp%2Fv2%2Ftags&post=492"}],"curies":[{"name":"wp","href":"https:\/\/api.w.org\/{rel}","templated":true}]}}