{"id":44,"date":"2014-07-16T13:39:41","date_gmt":"2014-07-16T11:39:41","guid":{"rendered":"http:\/\/www.reli-revi64.fr\/?page_id=44"},"modified":"2023-08-20T20:43:07","modified_gmt":"2023-08-20T18:43:07","slug":"atelier-cirque","status":"publish","type":"page","link":"http:\/\/www.reli-revi64.fr\/?page_id=44","title":{"rendered":"&#8211; Arts du Cirque"},"content":{"rendered":"<p><strong><span style=\"color: #008000;\">Avec le Clown Picolo<\/span><br \/>\n<\/strong><\/p>\n<p><span style=\"color: #008000;\">Que votre enfant soit en primaire ou adolescent, il d\u00e9couvrira avec bonheur des ateliers aussi divers que l&rsquo;\u00e9quilibre sur fil, la jonglerie, le trampoline ou la boule d&rsquo;\u00e9quilibre.<\/span><\/p>\n<p><span style=\"color: #008000;\">Le cirque est un formidable outil de prise de conscience corporelle qui lui permettra de d\u00e9velopper sa<span class=\"color7 size18 century\"> motricit\u00e9, sa dext\u00e9rit\u00e9.<a href=\"http:\/\/www.reli-revi64.fr\/?attachment_id=1263\" rel=\"attachment wp-att-1263\"><img decoding=\"async\" loading=\"lazy\" class=\"size-medium wp-image-1263 alignright\" src=\"http:\/\/www.reli-revi64.fr\/wp-content\/uploads\/2018\/09\/IMG_1155-300x200.jpg\" alt=\"\" width=\"300\" height=\"200\" srcset=\"http:\/\/www.reli-revi64.fr\/wp-content\/uploads\/2018\/09\/IMG_1155-300x200.jpg 300w, http:\/\/www.reli-revi64.fr\/wp-content\/uploads\/2018\/09\/IMG_1155-768x512.jpg 768w, http:\/\/www.reli-revi64.fr\/wp-content\/uploads\/2018\/09\/IMG_1155-1024x683.jpg 1024w\" sizes=\"(max-width: 300px) 100vw, 300px\" \/><\/a><\/span><\/span><\/p>\n<p><span class=\"color7 size18 century\" style=\"color: #008000;\"> Quel bonheur de faire le clown, le jongleur ou l&rsquo;acrobate !<a href=\"http:\/\/www.reli-revi64.fr\/?attachment_id=1264\" rel=\"attachment wp-att-1264\"><img decoding=\"async\" loading=\"lazy\" class=\"size-medium wp-image-1264 alignleft\" src=\"http:\/\/www.reli-revi64.fr\/wp-content\/uploads\/2018\/09\/IMG_8037-200x300.jpg\" alt=\"\" width=\"200\" height=\"300\" srcset=\"http:\/\/www.reli-revi64.fr\/wp-content\/uploads\/2018\/09\/IMG_8037-200x300.jpg 200w, http:\/\/www.reli-revi64.fr\/wp-content\/uploads\/2018\/09\/IMG_8037-768x1152.jpg 768w, http:\/\/www.reli-revi64.fr\/wp-content\/uploads\/2018\/09\/IMG_8037-683x1024.jpg 683w\" sizes=\"(max-width: 200px) 100vw, 200px\" \/><\/a><\/span><\/p>\n<p><span style=\"color: #008000;\"><strong>\u00a0\u00a0\u00a0\u00a0\u00a0\u00a0\u00a0\u00a0\u00a0\u00a0\u00a0\u00a0 De 4 ans \u00e0 adolescent\u00a0\u00a0\u00a0\u00a0\u00a0\u00a0\u00a0\u00a0\u00a0\u00a0\u00a0\u00a0\u00a0\u00a0\u00a0\u00a0\u00a0\u00a0\u00a0\u00a0\u00a0\u00a0\u00a0\u00a0\u00a0\u00a0\u00a0\u00a0\u00a0\u00a0\u00a0\u00a0 Mixte<\/strong><\/span><\/p>\n<p><span style=\"color: #ff0000;\">(le passage entre l&rsquo;\u00e9veil Pitchoun et les Arts du Cirque peuvent se faire en cours d&rsquo;ann\u00e9e apr\u00e8s accord des professeurs et du bureau)<\/span><\/p>\n","protected":false},"excerpt":{"rendered":"<p>Avec le Clown Picolo Que votre enfant soit en primaire ou adolescent, il d\u00e9couvrira avec bonheur des ateliers aussi divers que l&rsquo;\u00e9quilibre sur fil, la jonglerie, le trampoline ou la boule d&rsquo;\u00e9quilibre. Le cirque est un formidable outil de prise de conscience corporelle qui lui permettra de d\u00e9velopper sa motricit\u00e9, sa dext\u00e9rit\u00e9. Quel bonheur de [&hellip;]<\/p>\n","protected":false},"author":1,"featured_media":0,"parent":0,"menu_order":0,"comment_status":"closed","ping_status":"open","template":"","meta":[],"categories":[5],"tags":[],"_links":{"self":[{"href":"http:\/\/www.reli-revi64.fr\/index.php?rest_route=\/wp\/v2\/pages\/44"}],"collection":[{"href":"http:\/\/www.reli-revi64.fr\/index.php?rest_route=\/wp\/v2\/pages"}],"about":[{"href":"http:\/\/www.reli-revi64.fr\/index.php?rest_route=\/wp\/v2\/types\/page"}],"author":[{"embeddable":true,"href":"http:\/\/www.reli-revi64.fr\/index.php?rest_route=\/wp\/v2\/users\/1"}],"replies":[{"embeddable":true,"href":"http:\/\/www.reli-revi64.fr\/index.php?rest_route=%2Fwp%2Fv2%2Fcomments&post=44"}],"version-history":[{"count":10,"href":"http:\/\/www.reli-revi64.fr\/index.php?rest_route=\/wp\/v2\/pages\/44\/revisions"}],"predecessor-version":[{"id":1914,"href":"http:\/\/www.reli-revi64.fr\/index.php?rest_route=\/wp\/v2\/pages\/44\/revisions\/1914"}],"wp:attachment":[{"href":"http:\/\/www.reli-revi64.fr\/index.php?rest_route=%2Fwp%2Fv2%2Fmedia&parent=44"}],"wp:term":[{"taxonomy":"category","embeddable":true,"href":"http:\/\/www.reli-revi64.fr\/index.php?rest_route=%2Fwp%2Fv2%2Fcategories&post=44"},{"taxonomy":"post_tag","embeddable":true,"href":"http:\/\/www.reli-revi64.fr\/index.php?rest_route=%2Fwp%2Fv2%2Ftags&post=44"}],"curies":[{"name":"wp","href":"https:\/\/api.w.org\/{rel}","templated":true}]}}