{"id":347,"date":"2015-07-27T18:45:03","date_gmt":"2015-07-27T16:45:03","guid":{"rendered":"http:\/\/www.reli-revi64.fr\/?page_id=347"},"modified":"2025-09-07T18:14:38","modified_gmt":"2025-09-07T16:14:38","slug":"le-cheerleading","status":"publish","type":"page","link":"http:\/\/www.reli-revi64.fr\/?page_id=347","title":{"rendered":"-Cheerleading-Cheer Danse"},"content":{"rendered":"<div class=\"entry\">\n<p>Le Cheerleading est un m\u00e9lange de gym, de danse et d&rsquo;acrosport, qui a \u00e9t\u00e9 cr\u00e9\u00e9 pour supporter les \u00e9quipes de football am\u00e9ricain.<\/p>\n<p><span class=\"sous-titres\">Activit\u00e9 compl\u00e8te et ludique, elle fera d\u00e9couvrir \u00e0 votre enfant<\/span> le plaisir de travailler sa psychomotricit\u00e9.<\/p>\n<p>Enfant, adolescent ou adulte, cela permettra de gagner en assurance et en autonomie gr\u00e2ce au d\u00e9veloppement de la lat\u00e9ralisation, de l&rsquo;\u00e9quilibre et de la prise de conscience du corps.<\/p>\n<p><strong>+ de\u00a0 5 ans\u00a0 \u00e0 adolescents\u00a0 Mixte<br \/>Sous couvert de la F\u00e9d\u00e9ration Fran\u00e7aise du Football Am\u00e9ricain<br \/><\/strong><\/p>\n<\/div>\n\n\n<figure class=\"wp-block-image size-full\"><a href=\"http:\/\/www.reli-revi64.fr\/wp-content\/uploads\/2025\/09\/Cheer-Montage.jpg\"><img decoding=\"async\" loading=\"lazy\" width=\"877\" height=\"1014\" src=\"http:\/\/www.reli-revi64.fr\/wp-content\/uploads\/2025\/09\/Cheer-Montage.jpg\" alt=\"\" class=\"wp-image-2011\" srcset=\"http:\/\/www.reli-revi64.fr\/wp-content\/uploads\/2025\/09\/Cheer-Montage.jpg 877w, http:\/\/www.reli-revi64.fr\/wp-content\/uploads\/2025\/09\/Cheer-Montage-259x300.jpg 259w, http:\/\/www.reli-revi64.fr\/wp-content\/uploads\/2025\/09\/Cheer-Montage-768x888.jpg 768w\" sizes=\"(max-width: 877px) 100vw, 877px\" \/><\/a><\/figure>\n","protected":false},"excerpt":{"rendered":"<p>Le Cheerleading est un m\u00e9lange de gym, de danse et d&rsquo;acrosport, qui a \u00e9t\u00e9 cr\u00e9\u00e9 pour supporter les \u00e9quipes de football am\u00e9ricain. Activit\u00e9 compl\u00e8te et ludique, elle fera d\u00e9couvrir \u00e0 votre enfant le plaisir de travailler sa psychomotricit\u00e9. Enfant, adolescent ou adulte, cela permettra de gagner en assurance et en autonomie gr\u00e2ce au d\u00e9veloppement de [&hellip;]<\/p>\n","protected":false},"author":1,"featured_media":0,"parent":0,"menu_order":0,"comment_status":"closed","ping_status":"closed","template":"","meta":[],"categories":[5],"tags":[],"_links":{"self":[{"href":"http:\/\/www.reli-revi64.fr\/index.php?rest_route=\/wp\/v2\/pages\/347"}],"collection":[{"href":"http:\/\/www.reli-revi64.fr\/index.php?rest_route=\/wp\/v2\/pages"}],"about":[{"href":"http:\/\/www.reli-revi64.fr\/index.php?rest_route=\/wp\/v2\/types\/page"}],"author":[{"embeddable":true,"href":"http:\/\/www.reli-revi64.fr\/index.php?rest_route=\/wp\/v2\/users\/1"}],"replies":[{"embeddable":true,"href":"http:\/\/www.reli-revi64.fr\/index.php?rest_route=%2Fwp%2Fv2%2Fcomments&post=347"}],"version-history":[{"count":15,"href":"http:\/\/www.reli-revi64.fr\/index.php?rest_route=\/wp\/v2\/pages\/347\/revisions"}],"predecessor-version":[{"id":2012,"href":"http:\/\/www.reli-revi64.fr\/index.php?rest_route=\/wp\/v2\/pages\/347\/revisions\/2012"}],"wp:attachment":[{"href":"http:\/\/www.reli-revi64.fr\/index.php?rest_route=%2Fwp%2Fv2%2Fmedia&parent=347"}],"wp:term":[{"taxonomy":"category","embeddable":true,"href":"http:\/\/www.reli-revi64.fr\/index.php?rest_route=%2Fwp%2Fv2%2Fcategories&post=347"},{"taxonomy":"post_tag","embeddable":true,"href":"http:\/\/www.reli-revi64.fr\/index.php?rest_route=%2Fwp%2Fv2%2Ftags&post=347"}],"curies":[{"name":"wp","href":"https:\/\/api.w.org\/{rel}","templated":true}]}}