{"id":1977,"date":"2025-07-01T23:18:07","date_gmt":"2025-07-01T21:18:07","guid":{"rendered":"http:\/\/www.reli-revi64.fr\/?page_id=1977"},"modified":"2025-07-03T20:38:06","modified_gmt":"2025-07-03T18:38:06","slug":"raja-yoga","status":"publish","type":"page","link":"http:\/\/www.reli-revi64.fr\/?page_id=1977","title":{"rendered":"-Yoga de Samara"},"content":{"rendered":"\n<p class=\"has-vivid-purple-color has-text-color\">Les exercices propos\u00e9s sont simples et concrets et s&rsquo;adressent \u00e0 tous, quel que soit l&rsquo;\u00e2ge, le sexe et la condition physique.<br><br>Le Yoga propos\u00e9 par Samuel :\u00a0<br>C&rsquo;est un Yoga de Samara, c&rsquo;est-\u00e0 dire un yoga royal: v\u00e9ritable quintessence des autres formes de yoga. Loin des formes plus connues en occident aujourd&rsquo;hui, il est accessible \u00e0 tous: il est sans contorsions, adaptable\u00a0\u00e0 vos \u00e9tats de sant\u00e9, praticable jusqu&rsquo;\u00e0 99 ans .., et plus! C&rsquo;est une v\u00e9ritable m\u00e9ditation en mouvement qui ram\u00e8ne l&rsquo;\u00e9quilibre \u00e0 tous les niveaux (physique, psychologique, \u00e9nerg\u00e9tique..) et favorise la sant\u00e9. Il a \u00e9t\u00e9 appel\u00e9 yoga derviche ou encore le secret de l&rsquo;\u00e9ternelle jeunesse par celui qui l&rsquo;a enseign\u00e9, Idris Lahore.<\/p>\n\n\n\n<p>Au travers de diff\u00e9rentes s\u00e9ances types, ce yoga vous propose une observation toujours neuve de vous m\u00eame, en finesse. C&rsquo;est un formidable outil de connaissance de soi. Et on dit que les secrets de ces mouvements se r\u00e9v\u00e8lent peu \u00e0 peu \u00e0 celui qui les pratique.<\/p>\n","protected":false},"excerpt":{"rendered":"<p>Les exercices propos\u00e9s sont simples et concrets et s&rsquo;adressent \u00e0 tous, quel que soit l&rsquo;\u00e2ge, le sexe et la condition physique. Le Yoga propos\u00e9 par Samuel :\u00a0C&rsquo;est un Yoga de Samara, c&rsquo;est-\u00e0 dire un yoga royal: v\u00e9ritable quintessence des autres formes de yoga. Loin des formes plus connues en occident aujourd&rsquo;hui, il est accessible \u00e0 [&hellip;]<\/p>\n","protected":false},"author":1,"featured_media":0,"parent":0,"menu_order":0,"comment_status":"closed","ping_status":"closed","template":"","meta":[],"categories":[],"tags":[],"_links":{"self":[{"href":"http:\/\/www.reli-revi64.fr\/index.php?rest_route=\/wp\/v2\/pages\/1977"}],"collection":[{"href":"http:\/\/www.reli-revi64.fr\/index.php?rest_route=\/wp\/v2\/pages"}],"about":[{"href":"http:\/\/www.reli-revi64.fr\/index.php?rest_route=\/wp\/v2\/types\/page"}],"author":[{"embeddable":true,"href":"http:\/\/www.reli-revi64.fr\/index.php?rest_route=\/wp\/v2\/users\/1"}],"replies":[{"embeddable":true,"href":"http:\/\/www.reli-revi64.fr\/index.php?rest_route=%2Fwp%2Fv2%2Fcomments&post=1977"}],"version-history":[{"count":3,"href":"http:\/\/www.reli-revi64.fr\/index.php?rest_route=\/wp\/v2\/pages\/1977\/revisions"}],"predecessor-version":[{"id":1983,"href":"http:\/\/www.reli-revi64.fr\/index.php?rest_route=\/wp\/v2\/pages\/1977\/revisions\/1983"}],"wp:attachment":[{"href":"http:\/\/www.reli-revi64.fr\/index.php?rest_route=%2Fwp%2Fv2%2Fmedia&parent=1977"}],"wp:term":[{"taxonomy":"category","embeddable":true,"href":"http:\/\/www.reli-revi64.fr\/index.php?rest_route=%2Fwp%2Fv2%2Fcategories&post=1977"},{"taxonomy":"post_tag","embeddable":true,"href":"http:\/\/www.reli-revi64.fr\/index.php?rest_route=%2Fwp%2Fv2%2Ftags&post=1977"}],"curies":[{"name":"wp","href":"https:\/\/api.w.org\/{rel}","templated":true}]}}