{"id":1973,"date":"2025-07-01T23:10:39","date_gmt":"2025-07-01T21:10:39","guid":{"rendered":"http:\/\/www.reli-revi64.fr\/?page_id=1973"},"modified":"2025-07-01T23:10:39","modified_gmt":"2025-07-01T21:10:39","slug":"samuel","status":"publish","type":"page","link":"http:\/\/www.reli-revi64.fr\/?page_id=1973","title":{"rendered":"Samuel"},"content":{"rendered":"\n<p class=\"has-vivid-cyan-blue-color has-text-color\">Samuel est\u00a0masseur-kin\u00e9sith\u00e9rapeute\u00a0depuis 20 ans. Il a \u00e0 c\u0153ur de transmettre les m\u00e9thodes du Samadeva (yoga\/qigong) qu&rsquo;il a apprises en compl\u00e9ment de son m\u00e9tier dans les buts de la pr\u00e9vention de la sant\u00e9 de chacun, de l&rsquo;apprentissage de m\u00e9thode de bien-\u00eatre et de pratique de grandes valeurs comme l&rsquo;inclusion, l&rsquo;amiti\u00e9 et la g\u00e9n\u00e9rosit\u00e9.<\/p>\n\n\n\n<p><\/p>\n","protected":false},"excerpt":{"rendered":"<p>Samuel est\u00a0masseur-kin\u00e9sith\u00e9rapeute\u00a0depuis 20 ans. Il a \u00e0 c\u0153ur de transmettre les m\u00e9thodes du Samadeva (yoga\/qigong) qu&rsquo;il a apprises en compl\u00e9ment de son m\u00e9tier dans les buts de la pr\u00e9vention de la sant\u00e9 de chacun, de l&rsquo;apprentissage de m\u00e9thode de bien-\u00eatre et de pratique de grandes valeurs comme l&rsquo;inclusion, l&rsquo;amiti\u00e9 et la g\u00e9n\u00e9rosit\u00e9.<\/p>\n","protected":false},"author":1,"featured_media":0,"parent":0,"menu_order":0,"comment_status":"closed","ping_status":"closed","template":"","meta":[],"categories":[11],"tags":[],"_links":{"self":[{"href":"http:\/\/www.reli-revi64.fr\/index.php?rest_route=\/wp\/v2\/pages\/1973"}],"collection":[{"href":"http:\/\/www.reli-revi64.fr\/index.php?rest_route=\/wp\/v2\/pages"}],"about":[{"href":"http:\/\/www.reli-revi64.fr\/index.php?rest_route=\/wp\/v2\/types\/page"}],"author":[{"embeddable":true,"href":"http:\/\/www.reli-revi64.fr\/index.php?rest_route=\/wp\/v2\/users\/1"}],"replies":[{"embeddable":true,"href":"http:\/\/www.reli-revi64.fr\/index.php?rest_route=%2Fwp%2Fv2%2Fcomments&post=1973"}],"version-history":[{"count":1,"href":"http:\/\/www.reli-revi64.fr\/index.php?rest_route=\/wp\/v2\/pages\/1973\/revisions"}],"predecessor-version":[{"id":1974,"href":"http:\/\/www.reli-revi64.fr\/index.php?rest_route=\/wp\/v2\/pages\/1973\/revisions\/1974"}],"wp:attachment":[{"href":"http:\/\/www.reli-revi64.fr\/index.php?rest_route=%2Fwp%2Fv2%2Fmedia&parent=1973"}],"wp:term":[{"taxonomy":"category","embeddable":true,"href":"http:\/\/www.reli-revi64.fr\/index.php?rest_route=%2Fwp%2Fv2%2Fcategories&post=1973"},{"taxonomy":"post_tag","embeddable":true,"href":"http:\/\/www.reli-revi64.fr\/index.php?rest_route=%2Fwp%2Fv2%2Ftags&post=1973"}],"curies":[{"name":"wp","href":"https:\/\/api.w.org\/{rel}","templated":true}]}}