{"id":1840,"date":"2022-12-08T13:22:16","date_gmt":"2022-12-08T11:22:16","guid":{"rendered":"http:\/\/www.reli-revi64.fr\/?page_id=1840"},"modified":"2022-12-12T16:44:17","modified_gmt":"2022-12-12T14:44:17","slug":"ateliers-noel-2022-dimanche-18-12","status":"publish","type":"page","link":"http:\/\/www.reli-revi64.fr\/?page_id=1840","title":{"rendered":"Ateliers No\u00ebl 2022- Dimanche 18\/12"},"content":{"rendered":"\n<p><strong>Les activit\u00e9s seront bient\u00f4t visibles sur notre site, sur Facebook et sur Instagram !<\/strong><\/p>\n\n\n\n<p class=\"has-drop-cap has-vivid-red-color has-text-color\"><strong>Pr\u00e9parons No\u00ebl ensemble<\/strong><\/p>\n\n\n\n<p class=\"has-luminous-vivid-orange-color has-text-color\"><strong>Avec les ateliers de Vava et Vivi<\/strong><\/p>\n\n\n\n<p>Venez partager un moment de convivialit\u00e9 en famille autour de No\u00ebl.<\/p>\n\n\n\n<p>Activit\u00e9s, jeux et collation vous attendent !<\/p>\n\n\n\n<p class=\"has-vivid-green-cyan-color has-text-color\"><strong>Le dimanche 18 d\u00e9cembre<\/strong><\/p>\n\n\n\n<p class=\"has-vivid-green-cyan-color has-text-color\">A partir de 14 h 30 jusqu\u2019\u00e0 18h et plus (si vous \u00eates motiv\u00e9s)<\/p>\n\n\n\n<p class=\"has-vivid-red-color has-text-color\">A la salle Larrazkena de Cambo<\/p>\n\n\n\n<p>Pour plus de renseignements :<\/p>\n\n\n\n<p>Tel : 06 48 87 29 30 (SMS de pr\u00e9f\u00e9rence)<\/p>\n\n\n\n<p>Mail : <a href=\"mailto:association.reli-revi64@orange.fr\" target=\"_blank\" rel=\"noreferrer noopener\">association.reli-revi64@orange.fr<\/a><\/p>\n\n\n\n<figure class=\"wp-block-image size-large\"><a href=\"http:\/\/www.reli-revi64.fr\/wp-content\/uploads\/2022\/12\/Preparons-Noel-ensemble-5.png\"><img decoding=\"async\" loading=\"lazy\" width=\"724\" height=\"1024\" src=\"http:\/\/www.reli-revi64.fr\/wp-content\/uploads\/2022\/12\/Preparons-Noel-ensemble-5-724x1024.png\" alt=\"\" class=\"wp-image-1858\" srcset=\"http:\/\/www.reli-revi64.fr\/wp-content\/uploads\/2022\/12\/Preparons-Noel-ensemble-5-724x1024.png 724w, http:\/\/www.reli-revi64.fr\/wp-content\/uploads\/2022\/12\/Preparons-Noel-ensemble-5-212x300.png 212w, http:\/\/www.reli-revi64.fr\/wp-content\/uploads\/2022\/12\/Preparons-Noel-ensemble-5-768x1086.png 768w, http:\/\/www.reli-revi64.fr\/wp-content\/uploads\/2022\/12\/Preparons-Noel-ensemble-5-1086x1536.png 1086w, http:\/\/www.reli-revi64.fr\/wp-content\/uploads\/2022\/12\/Preparons-Noel-ensemble-5-1448x2048.png 1448w, http:\/\/www.reli-revi64.fr\/wp-content\/uploads\/2022\/12\/Preparons-Noel-ensemble-5.png 1587w\" sizes=\"(max-width: 724px) 100vw, 724px\" \/><\/a><\/figure>\n\n\n\n<figure class=\"wp-block-image size-full\"><a href=\"http:\/\/www.reli-revi64.fr\/wp-content\/uploads\/2022\/12\/flyer-entier-1.jpg\"><img decoding=\"async\" loading=\"lazy\" width=\"927\" height=\"642\" src=\"http:\/\/www.reli-revi64.fr\/wp-content\/uploads\/2022\/12\/flyer-entier-1.jpg\" alt=\"\" class=\"wp-image-1859\" srcset=\"http:\/\/www.reli-revi64.fr\/wp-content\/uploads\/2022\/12\/flyer-entier-1.jpg 927w, http:\/\/www.reli-revi64.fr\/wp-content\/uploads\/2022\/12\/flyer-entier-1-300x208.jpg 300w, http:\/\/www.reli-revi64.fr\/wp-content\/uploads\/2022\/12\/flyer-entier-1-768x532.jpg 768w\" sizes=\"(max-width: 927px) 100vw, 927px\" \/><\/a><\/figure>\n","protected":false},"excerpt":{"rendered":"<p>Les activit\u00e9s seront bient\u00f4t visibles sur notre site, sur Facebook et sur Instagram ! Pr\u00e9parons No\u00ebl ensemble Avec les ateliers de Vava et Vivi Venez partager un moment de convivialit\u00e9 en famille autour de No\u00ebl. Activit\u00e9s, jeux et collation vous attendent ! Le dimanche 18 d\u00e9cembre A partir de 14 h 30 jusqu\u2019\u00e0 18h et [&hellip;]<\/p>\n","protected":false},"author":1,"featured_media":0,"parent":0,"menu_order":0,"comment_status":"closed","ping_status":"closed","template":"","meta":[],"categories":[16],"tags":[],"_links":{"self":[{"href":"http:\/\/www.reli-revi64.fr\/index.php?rest_route=\/wp\/v2\/pages\/1840"}],"collection":[{"href":"http:\/\/www.reli-revi64.fr\/index.php?rest_route=\/wp\/v2\/pages"}],"about":[{"href":"http:\/\/www.reli-revi64.fr\/index.php?rest_route=\/wp\/v2\/types\/page"}],"author":[{"embeddable":true,"href":"http:\/\/www.reli-revi64.fr\/index.php?rest_route=\/wp\/v2\/users\/1"}],"replies":[{"embeddable":true,"href":"http:\/\/www.reli-revi64.fr\/index.php?rest_route=%2Fwp%2Fv2%2Fcomments&post=1840"}],"version-history":[{"count":2,"href":"http:\/\/www.reli-revi64.fr\/index.php?rest_route=\/wp\/v2\/pages\/1840\/revisions"}],"predecessor-version":[{"id":1860,"href":"http:\/\/www.reli-revi64.fr\/index.php?rest_route=\/wp\/v2\/pages\/1840\/revisions\/1860"}],"wp:attachment":[{"href":"http:\/\/www.reli-revi64.fr\/index.php?rest_route=%2Fwp%2Fv2%2Fmedia&parent=1840"}],"wp:term":[{"taxonomy":"category","embeddable":true,"href":"http:\/\/www.reli-revi64.fr\/index.php?rest_route=%2Fwp%2Fv2%2Fcategories&post=1840"},{"taxonomy":"post_tag","embeddable":true,"href":"http:\/\/www.reli-revi64.fr\/index.php?rest_route=%2Fwp%2Fv2%2Ftags&post=1840"}],"curies":[{"name":"wp","href":"https:\/\/api.w.org\/{rel}","templated":true}]}}